{"id":73,"date":"2021-01-27T09:06:19","date_gmt":"2021-01-27T09:06:19","guid":{"rendered":"https:\/\/alargaseafarershealth.com\/about\/"},"modified":"2023-05-13T22:13:32","modified_gmt":"2023-05-13T19:13:32","slug":"who-we-are-what-we-do","status":"publish","type":"page","link":"https:\/\/alargaseafarershealth.com\/tr\/who-we-are-what-we-do\/","title":{"rendered":"Biz Kimiz &amp; Ne Yap\u0131yoruz"},"content":{"rendered":"<div data-elementor-type=\"wp-page\" data-elementor-id=\"73\" class=\"elementor elementor-73\">\n\t\t\t\t\t\t<div class=\"elementor-inner\">\n\t\t\t\t<div class=\"elementor-section-wrap\">\n\t\t\t\t\t\t\t\t\t<section class=\"elementor-section elementor-top-section elementor-element elementor-element-3ca93ab elementor-section-content-middle elementor-reverse-mobile elementor-section-boxed elementor-section-height-default elementor-section-height-default\" data-id=\"3ca93ab\" data-element_type=\"section\">\n\t\t\t\t\t\t<div class=\"elementor-container elementor-column-gap-no\">\n\t\t\t\t\t\t\t<div class=\"elementor-row\">\n\t\t\t\t\t<div class=\"aux-parallax-section elementor-column elementor-col-50 elementor-top-column elementor-element elementor-element-ad6802b\" data-id=\"ad6802b\" data-element_type=\"column\">\n\t\t\t<div class=\"elementor-column-wrap elementor-element-populated\">\n\t\t\t\t\t\t\t<div class=\"elementor-widget-wrap\">\n\t\t\t\t\t\t<div class=\"elementor-element elementor-element-6b07498 aux-appear-watch-animation aux-fade-in-up elementor-widget elementor-widget-aux_modern_heading\" data-id=\"6b07498\" data-element_type=\"widget\" data-widget_type=\"aux_modern_heading.default\">\n\t\t\t\t<div class=\"elementor-widget-container\">\n\t\t\t<section class=\"aux-widget-modern-heading\">\n            <div class=\"aux-widget-inner\"><h5 class=\"aux-modern-heading-primary\"><\/h5><h3 class=\"aux-modern-heading-secondary\"><span class=\"aux-head-before\">Alarga Ortak Sa\u011fl\u0131k ve G\u00fcvenlik Birimi'ne ho\u015f geldiniz! <\/span><\/h3><\/div>\n        <\/section>\t\t<\/div>\n\t\t\t\t<\/div>\n\t\t\t\t<div class=\"elementor-element elementor-element-f54d57d elementor-widget elementor-widget-text-editor\" data-id=\"f54d57d\" data-element_type=\"widget\" data-widget_type=\"text-editor.default\">\n\t\t\t\t<div class=\"elementor-widget-container\">\n\t\t\t\t\t\t\t\t<div class=\"elementor-text-editor elementor-clearfix\">\n\t\t\t\t<p>Her \u00f6l\u00e7ekteki i\u015fyerine kapsaml\u0131 hizmetler sunan lider bir i\u015f sa\u011fl\u0131\u011f\u0131 ve g\u00fcvenli\u011fi hizmet sa\u011flay\u0131c\u0131s\u0131y\u0131z. Yirmi y\u0131l\u0131 a\u015fk\u0131n tecr\u00fcbesiyle tan\u0131nm\u0131\u015f bir i\u015fyeri hekimi olan Dr. Serkan Dall\u0131o\u011flu taraf\u0131ndan kurulan \u015firketimiz, m\u00fc\u015fterilerine birinci s\u0131n\u0131f hizmet sunmay\u0131 taahh\u00fct etmektedir.<\/p><p>Alarga Ortak Sa\u011fl\u0131k ve G\u00fcvenlik Birimi olarak, m\u00fc\u015fterilerimizin \u00f6zel ihtiya\u00e7lar\u0131n\u0131 kar\u015f\u0131layan u\u00e7tan uca i\u015f sa\u011fl\u0131\u011f\u0131 ve g\u00fcvenli\u011fi hizmetleri sunuyoruz. Hizmetlerimiz aras\u0131nda Patlamadan Korunma Dok\u00fcmanlar\u0131n\u0131n haz\u0131rlanmas\u0131, Yang\u0131n E\u011fitimi ve Acil Durum Ekipleri e\u011fitimi ve uygulamas\u0131 yer al\u0131yor.<\/p><p>U\u00e7tan uca hizmet taahh\u00fcd\u00fcm\u00fcz\u00fcn bir par\u00e7as\u0131 olarak, ihtiyac\u0131 olan \u015firketlere ilkyard\u0131m e\u011fitimi de veriyoruz. \u0130lkyard\u0131m e\u011fitim program\u0131m\u0131z, \u00e7al\u0131\u015fanlar\u0131 acil durumlarla etkili bir \u015fekilde ba\u015fa \u00e7\u0131kabilecek bilgi ve becerilerle donatmak i\u00e7in tasarlanm\u0131\u015ft\u0131r. Kalp masaj\u0131, yara bak\u0131m\u0131 ve bo\u011fulma y\u00f6netimi gibi bir dizi konuyu kapsayan hem teorik hem de pratik e\u011fitimler veriyoruz.<\/p>\t\t\t\t\t<\/div>\n\t\t\t\t\t\t<\/div>\n\t\t\t\t<\/div>\n\t\t\t\t\t\t<\/div>\n\t\t\t\t\t<\/div>\n\t\t<\/div>\n\t\t\t\t<div class=\"aux-parallax-section elementor-column elementor-col-50 elementor-top-column elementor-element elementor-element-fa2a1d6\" data-id=\"fa2a1d6\" data-element_type=\"column\">\n\t\t\t<div class=\"elementor-column-wrap elementor-element-populated\">\n\t\t\t\t\t\t\t<div class=\"elementor-widget-wrap\">\n\t\t\t\t\t\t<div class=\"aux-scroll-anim elementor-element elementor-element-1308e39 aux-shpe-type-rectangle elementor-widget__width-auto elementor-widget elementor-widget-aux_simple_shape\" data-move-in=\"moveVertical\" data-move-out=\"moveVertical\" data-axis-x=\"200\" data-axis-y=\"-30\" data-rotate=\"90\" data-scale=\"1\" data-vp-top=\"0.5\" data-vp-bot=\"0.5\" data-el-top=\"0.2\" data-scroll-animation-off=\"1024\" data-id=\"1308e39\" data-element_type=\"widget\" data-widget_type=\"aux_simple_shape.default\">\n\t\t\t\t<div class=\"elementor-widget-container\">\n\t\t\t    <div class=\"aux-widget-container aux-simple-shape-container\">\n        <div class=\"aux-widget-container-inner\">\n            <div class=\"aux-the-shape\"><\/div>\n        <\/div>\n    <\/div>\n    \t\t<\/div>\n\t\t\t\t<\/div>\n\t\t\t\t<div class=\"aux-scroll-anim elementor-element elementor-element-70d8404 elementor-widget elementor-widget-aux_image\" data-move-in=\"moveVertical\" data-move-out=\"moveVertical\" data-axis-x=\"200\" data-axis-y=\"30\" data-rotate=\"90\" data-scale=\"1\" data-vp-top=\"0.5\" data-vp-bot=\"0.5\" data-el-top=\"0.2\" data-scroll-animation-off=\"1024\" data-id=\"70d8404\" data-element_type=\"widget\" data-widget_type=\"aux_image.default\">\n\t\t\t\t<div class=\"elementor-widget-container\">\n\t\t\t<section class=\"widget-container aux-widget-image aux-alignnone aux-parent-auddd927d7\">\n    <div class=\"aux-media-hint-frame\">\n        <div class=\"aux-media-image\" >\n        \n            \n\n            \n            <img loading=\"lazy\" decoding=\"async\" width=\"650\" height=\"580\" src=\"image\/gif;base64,R0lGODlhAQABAIAAAAAAAP\/\/\/yH5BAEAAAAALAAAAAABAAEAAAIBRAA7\" class=\"aux-attachment aux-featured-image aux-attachment-id-172 aux-preload aux-blank\" alt=\"hakkimizda-serkan\" data-ratio=\"1.12\" data-original-w=\"650\" data-src=\"https:\/\/alargaseafarershealth.com\/wp-content\/uploads\/2023\/05\/hakkimizda-serkan.jpg\" \/>            \n                <\/div>\n    <\/div>\n\n<\/section><!-- widget-container -->\t\t<\/div>\n\t\t\t\t<\/div>\n\t\t\t\t\t\t<\/div>\n\t\t\t\t\t<\/div>\n\t\t<\/div>\n\t\t\t\t\t\t\t\t<\/div>\n\t\t\t\t\t<\/div>\n\t\t<\/section>\n\t\t\t\t<section class=\"elementor-section elementor-top-section elementor-element elementor-element-781d491 elementor-section-content-middle elementor-section-boxed elementor-section-height-default elementor-section-height-default\" data-id=\"781d491\" data-element_type=\"section\">\n\t\t\t\t\t\t<div class=\"elementor-container elementor-column-gap-no\">\n\t\t\t\t\t\t\t<div class=\"elementor-row\">\n\t\t\t\t\t<div class=\"aux-parallax-section elementor-column elementor-col-50 elementor-top-column elementor-element elementor-element-d2cb5ac\" data-id=\"d2cb5ac\" data-element_type=\"column\">\n\t\t\t<div class=\"elementor-column-wrap elementor-element-populated\">\n\t\t\t\t\t\t\t<div class=\"elementor-widget-wrap\">\n\t\t\t\t\t\t<div class=\"aux-scroll-anim elementor-element elementor-element-842d0a1 aux-shpe-type-rectangle elementor-widget elementor-widget-aux_simple_shape\" data-move-in=\"moveVertical\" data-move-out=\"moveVertical\" data-axis-x=\"200\" data-axis-y=\"-30\" data-rotate=\"90\" data-scale=\"1\" data-vp-top=\"0.5\" data-vp-bot=\"0.5\" data-el-top=\"0.2\" data-scroll-animation-off=\"1024\" data-id=\"842d0a1\" data-element_type=\"widget\" data-widget_type=\"aux_simple_shape.default\">\n\t\t\t\t<div class=\"elementor-widget-container\">\n\t\t\t    <div class=\"aux-widget-container aux-simple-shape-container\">\n        <div class=\"aux-widget-container-inner\">\n            <div class=\"aux-the-shape\"><\/div>\n        <\/div>\n    <\/div>\n    \t\t<\/div>\n\t\t\t\t<\/div>\n\t\t\t\t<div class=\"aux-scroll-anim elementor-element elementor-element-b74b0ca elementor-widget elementor-widget-aux_image\" data-move-in=\"moveVertical\" data-move-out=\"moveVertical\" data-axis-x=\"200\" data-axis-y=\"30\" data-rotate=\"90\" data-scale=\"1\" data-vp-top=\"0.5\" data-vp-bot=\"0.5\" data-el-top=\"0.2\" data-scroll-animation-off=\"1024\" data-id=\"b74b0ca\" data-element_type=\"widget\" data-widget_type=\"aux_image.default\">\n\t\t\t\t<div class=\"elementor-widget-container\">\n\t\t\t<section class=\"widget-container aux-widget-image aux-alignnone aux-parent-au3b419edd\">\n    <div class=\"aux-media-hint-frame\">\n        <div class=\"aux-media-image\" >\n        \n            \n\n            \n            <img loading=\"lazy\" decoding=\"async\" width=\"650\" height=\"580\" src=\"image\/gif;base64,R0lGODlhAQABAIAAAAAAAP\/\/\/yH5BAEAAAAALAAAAAABAAEAAAIBRAA7\" class=\"aux-attachment aux-featured-image aux-attachment-id-31 aux-preload aux-blank\" alt=\"demo-attachment-523-about-img-left\" data-ratio=\"1.12\" data-original-w=\"650\" data-src=\"https:\/\/alargaseafarershealth.com\/wp-content\/uploads\/2021\/02\/about-img-left.jpg\" \/>            \n                <\/div>\n    <\/div>\n\n<\/section><!-- widget-container -->\t\t<\/div>\n\t\t\t\t<\/div>\n\t\t\t\t\t\t<\/div>\n\t\t\t\t\t<\/div>\n\t\t<\/div>\n\t\t\t\t<div class=\"aux-parallax-section elementor-column elementor-col-50 elementor-top-column elementor-element elementor-element-0a3704d\" data-id=\"0a3704d\" data-element_type=\"column\">\n\t\t\t<div class=\"elementor-column-wrap elementor-element-populated\">\n\t\t\t\t\t\t\t<div class=\"elementor-widget-wrap\">\n\t\t\t\t\t\t<div class=\"elementor-element elementor-element-876caf2 elementor-widget elementor-widget-text-editor\" data-id=\"876caf2\" data-element_type=\"widget\" data-widget_type=\"text-editor.default\">\n\t\t\t\t<div class=\"elementor-widget-container\">\n\t\t\t\t\t\t\t\t<div class=\"elementor-text-editor elementor-clearfix\">\n\t\t\t\t<p>Kapsaml\u0131 i\u015f sa\u011fl\u0131\u011f\u0131 ve g\u00fcvenli\u011fi hizmetlerimize ek olarak, \u00e7e\u015fitli alanlarda e\u011fitim ve sertifikasyon kurslar\u0131 veren \u00f6zel bir akademimiz de bulunmaktad\u0131r. Akademimiz Alarga Akademi, i\u015fletmelerin ve bireylerin \u00f6zel ihtiya\u00e7lar\u0131na y\u00f6nelik bir dizi e\u011fitim sunmaktad\u0131r. \u0130lkyard\u0131m e\u011fitiminden temel ve ileri d\u00fczey i\u015f sa\u011fl\u0131\u011f\u0131 ve g\u00fcvenli\u011fi kurslar\u0131na kadar, akademimizde herkes i\u00e7in bir \u015feyler var.<\/p><p class=\" translation-block\">Alarga Ortak Sa\u011fl\u0131k ve G\u00fcvenlik Birimi olarak m\u00fc\u015fterilerimize en kaliteli hizmeti sunmaktan gurur duyuyoruz. Her i\u015fyerinin g\u00fcvenli ve sa\u011fl\u0131kl\u0131 bir ortam\u0131 hak etti\u011fine inan\u0131yoruz ve bunu ger\u00e7e\u011fe d\u00f6n\u00fc\u015ft\u00fcrmeye kararl\u0131y\u0131z. Hizmetlerimiz hakk\u0131nda daha fazla bilgi edinmek i\u00e7in l\u00fctfen i\u015f sa\u011fl\u0131\u011f\u0131 ve g\u00fcvenli\u011fi hizmetlerimiz i\u00e7in <a href=\"http:\/\/www.alargaosgb.com.tr\" target=\"_blank\" rel=\"noopener\">www.alargaosgb.com.tr<\/a>  ve e\u011fitim programlar\u0131m\u0131z i\u00e7in <a href=\"http:\/\/www.alargaakademi.com.tr\" target=\"_blank\" rel=\"noopener\">www.alargaakademi.com.tr<\/a> adreslerini ziyaret edin.<\/p>\t\t\t\t\t<\/div>\n\t\t\t\t\t\t<\/div>\n\t\t\t\t<\/div>\n\t\t\t\t\t\t<\/div>\n\t\t\t\t\t<\/div>\n\t\t<\/div>\n\t\t\t\t\t\t\t\t<\/div>\n\t\t\t\t\t<\/div>\n\t\t<\/section>\n\t\t\t\t\t\t\t\t\t<\/div>\n\t\t\t<\/div>\n\t\t\t\t\t<\/div>","protected":false},"excerpt":{"rendered":"<p>Welcome to Alarga Occupational Health and Safety! We are a leading occupational health and safety service provider offering comprehensive services to workplaces of all sizes. Founded by Dr. Serkan Dall\u0131o\u011flu, a renowned occupational physician with over twenty years of experience, we are committed to providing first-class service to our clients. As Alarga Occupational Health and [&hellip;]<\/p>","protected":false},"author":1,"featured_media":0,"parent":0,"menu_order":0,"comment_status":"closed","ping_status":"closed","template":"templates\/page-builder-content.php","meta":{"_joinchat":[],"footnotes":""},"class_list":["post-73","page","type-page","status-publish","hentry"],"_links":{"self":[{"href":"https:\/\/alargaseafarershealth.com\/tr\/wp-json\/wp\/v2\/pages\/73","targetHints":{"allow":["GET"]}}],"collection":[{"href":"https:\/\/alargaseafarershealth.com\/tr\/wp-json\/wp\/v2\/pages"}],"about":[{"href":"https:\/\/alargaseafarershealth.com\/tr\/wp-json\/wp\/v2\/types\/page"}],"author":[{"embeddable":true,"href":"https:\/\/alargaseafarershealth.com\/tr\/wp-json\/wp\/v2\/users\/1"}],"replies":[{"embeddable":true,"href":"https:\/\/alargaseafarershealth.com\/tr\/wp-json\/wp\/v2\/comments?post=73"}],"version-history":[{"count":19,"href":"https:\/\/alargaseafarershealth.com\/tr\/wp-json\/wp\/v2\/pages\/73\/revisions"}],"predecessor-version":[{"id":200,"href":"https:\/\/alargaseafarershealth.com\/tr\/wp-json\/wp\/v2\/pages\/73\/revisions\/200"}],"wp:attachment":[{"href":"https:\/\/alargaseafarershealth.com\/tr\/wp-json\/wp\/v2\/media?parent=73"}],"curies":[{"name":"wp","href":"https:\/\/api.w.org\/{rel}","templated":true}]}}