{"id":74,"date":"2021-01-27T09:05:00","date_gmt":"2021-01-27T09:05:00","guid":{"rendered":"https:\/\/alargaseafarershealth.com\/contact\/"},"modified":"2023-05-17T17:22:04","modified_gmt":"2023-05-17T14:22:04","slug":"contact","status":"publish","type":"page","link":"https:\/\/alargaseafarershealth.com\/tr\/contact\/","title":{"rendered":"\u0130leti\u015fim"},"content":{"rendered":"<div data-elementor-type=\"wp-page\" data-elementor-id=\"74\" class=\"elementor elementor-74\">\n\t\t\t\t\t\t<div class=\"elementor-inner\">\n\t\t\t\t<div class=\"elementor-section-wrap\">\n\t\t\t\t\t\t\t\t\t<section class=\"elementor-section elementor-top-section elementor-element elementor-element-afc9508 elementor-section-full_width elementor-section-height-default elementor-section-height-default\" data-id=\"afc9508\" data-element_type=\"section\">\n\t\t\t\t\t\t<div class=\"elementor-container elementor-column-gap-no\">\n\t\t\t\t\t\t\t<div class=\"elementor-row\">\n\t\t\t\t\t<div class=\"aux-parallax-section elementor-column elementor-col-100 elementor-top-column elementor-element elementor-element-c9a58e0\" data-id=\"c9a58e0\" data-element_type=\"column\">\n\t\t\t<div class=\"elementor-column-wrap elementor-element-populated\">\n\t\t\t\t\t\t\t<div class=\"elementor-widget-wrap\">\n\t\t\t\t\t\t<div class=\"elementor-element elementor-element-e1c420f elementor-widget elementor-widget-text-editor\" data-id=\"e1c420f\" data-element_type=\"widget\" data-widget_type=\"text-editor.default\">\n\t\t\t\t<div class=\"elementor-widget-container\">\n\t\t\t\t\t\t\t\t<div class=\"elementor-text-editor elementor-clearfix\">\n\t\t\t\t<iframe src=\"https:\/\/www.google.com\/maps\/embed?pb=!1m18!1m12!1m3!1d3125.8529022446537!2d27.14743007719577!3d38.42176417462621!2m3!1f0!2f0!3f0!3m2!1i1024!2i768!4f13.1!3m3!1m2!1s0x14bbd88cb4cccaa7%3A0x8c74227d2d453338!2sAlarga%20Ortak%20Sa%C4%9Fl%C4%B1k%20ve%20G%C3%BCvenlik%20Birimi!5e0!3m2!1str!2str!4v1683899162967!5m2!1str!2str\" width=\"600\" height=\"450\" style=\"border:0;\" allowfullscreen=\"\" loading=\"lazy\" referrerpolicy=\"no-referrer-when-downgrade\"><\/iframe>\t\t\t\t\t<\/div>\n\t\t\t\t\t\t<\/div>\n\t\t\t\t<\/div>\n\t\t\t\t\t\t<\/div>\n\t\t\t\t\t<\/div>\n\t\t<\/div>\n\t\t\t\t\t\t\t\t<\/div>\n\t\t\t\t\t<\/div>\n\t\t<\/section>\n\t\t\t\t<section class=\"elementor-section elementor-top-section elementor-element elementor-element-61a4045 elementor-reverse-mobile elementor-section-boxed elementor-section-height-default elementor-section-height-default\" data-id=\"61a4045\" data-element_type=\"section\">\n\t\t\t\t\t\t<div class=\"elementor-container elementor-column-gap-no\">\n\t\t\t\t\t\t\t<div class=\"elementor-row\">\n\t\t\t\t\t<div class=\"aux-parallax-section elementor-column elementor-col-50 elementor-top-column elementor-element elementor-element-2d776fb\" data-id=\"2d776fb\" data-element_type=\"column\">\n\t\t\t<div class=\"elementor-column-wrap elementor-element-populated\">\n\t\t\t\t\t\t\t<div class=\"elementor-widget-wrap\">\n\t\t\t\t\t\t<div class=\"elementor-element elementor-element-942a7f8 aux-appear-watch-animation aux-fade-in-up elementor-widget elementor-widget-aux_modern_heading\" data-id=\"942a7f8\" data-element_type=\"widget\" data-widget_type=\"aux_modern_heading.default\">\n\t\t\t\t<div class=\"elementor-widget-container\">\n\t\t\t<section class=\"aux-widget-modern-heading\">\n            <div class=\"aux-widget-inner\"><h5 class=\"aux-modern-heading-primary\">Bize Ula\u015f\u0131n<\/h5><h3 class=\"aux-modern-heading-secondary\"><span class=\"aux-head-before\">\u0130leti\u015fim Formu<\/span><\/h3><\/div>\n        <\/section>\t\t<\/div>\n\t\t\t\t<\/div>\n\t\t\t\t<div class=\"elementor-element elementor-element-4694924 aux-appear-watch-animation aux-fade-in-up-1 elementor-widget elementor-widget-aux_contact_form\" data-id=\"4694924\" data-element_type=\"widget\" data-widget_type=\"aux_contact_form.default\">\n\t\t\t\t<div class=\"elementor-widget-container\">\n\t\t\t<section class=\"widget-container aux-widget-contact-form aux-parent-au7442cc3f\">            <div class=\"aux-col-wrapper aux-no-gutter\">\n            <!-- @TODO - The output for element here -->\n\n            \n<div class=\"wpcf7 no-js\" id=\"wpcf7-f63-o1\" lang=\"en-US\" dir=\"ltr\">\n<div class=\"screen-reader-response\"><p role=\"status\" aria-live=\"polite\" aria-atomic=\"true\"><\/p> <ul><\/ul><\/div>\n<form action=\"\/tr\/wp-json\/wp\/v2\/pages\/74#wpcf7-f63-o1\" method=\"post\" class=\"wpcf7-form init\" aria-label=\"Contact form\" novalidate=\"novalidate\" data-status=\"init\" data-trp-original-action=\"\/tr\/wp-json\/wp\/v2\/pages\/74#wpcf7-f63-o1\">\n<div style=\"display: none;\">\n<input type=\"hidden\" name=\"_wpcf7\" value=\"63\" \/>\n<input type=\"hidden\" name=\"_wpcf7_version\" value=\"5.7.6\" \/>\n<input type=\"hidden\" name=\"_wpcf7_locale\" value=\"en_US\" \/>\n<input type=\"hidden\" name=\"_wpcf7_unit_tag\" value=\"wpcf7-f63-o1\" \/>\n<input type=\"hidden\" name=\"_wpcf7_container_post\" value=\"0\" \/>\n<input type=\"hidden\" name=\"_wpcf7_posted_data_hash\" value=\"\" \/>\n<\/div>\n<div class=\"part_1\"><span class=\"wpcf7-form-control-wrap\" data-name=\"FullName\"><input size=\"40\" class=\"wpcf7-form-control wpcf7-text\" aria-invalid=\"false\" placeholder=\"Ad-Soyad\" value=\"\" type=\"text\" name=\"FullName\" \/><\/span>\n<span class=\"wpcf7-form-control-wrap\" data-name=\"Subject\"><input size=\"40\" class=\"wpcf7-form-control wpcf7-text\" aria-invalid=\"false\" placeholder=\"Konu\" value=\"\" type=\"text\" name=\"Subject\" \/><\/span><\/div>\n<span class=\"wpcf7-form-control-wrap\" data-name=\"Email\"><input size=\"40\" class=\"wpcf7-form-control wpcf7-text wpcf7-email wpcf7-validates-as-required wpcf7-validates-as-email\" aria-required=\"true\" aria-invalid=\"false\" placeholder=\"Eposta\" value=\"\" type=\"email\" name=\"Email\" \/><\/span>\n<span class=\"wpcf7-form-control-wrap\" data-name=\"Message\"><textarea cols=\"40\" rows=\"10\" class=\"wpcf7-form-control wpcf7-textarea wpcf7-validates-as-required\" aria-required=\"true\" aria-invalid=\"false\" placeholder=\"Mesaj\u0131n\u0131z\" name=\"Message\"><\/textarea><\/span>\n<input class=\"wpcf7-form-control has-spinner wpcf7-submit Submit\" id=\"Submit\" type=\"submit\" value=\"G\u00f6nder\" \/><div class=\"wpcf7-response-output\" aria-hidden=\"true\"><\/div>\n<input type=\"hidden\" name=\"trp-form-language\" value=\"tr\"\/><\/form>\n<\/div>\n\n\n            <\/div><!-- aux-col-wrapper -->\n    <\/section><!-- widget-container -->\t\t<\/div>\n\t\t\t\t<\/div>\n\t\t\t\t\t\t<\/div>\n\t\t\t\t\t<\/div>\n\t\t<\/div>\n\t\t\t\t<div class=\"aux-parallax-section elementor-column elementor-col-50 elementor-top-column elementor-element elementor-element-50b4a83\" data-id=\"50b4a83\" data-element_type=\"column\">\n\t\t\t<div class=\"elementor-column-wrap elementor-element-populated\">\n\t\t\t\t\t\t\t<div class=\"elementor-widget-wrap\">\n\t\t\t\t\t\t<div class=\"elementor-element elementor-element-b3808d4 aux-appear-watch-animation aux-scale-down-1 elementor-widget elementor-widget-aux_text\" data-id=\"b3808d4\" data-element_type=\"widget\" data-widget_type=\"aux_text.default\">\n\t\t\t\t<div class=\"elementor-widget-container\">\n\t\t\t<section class=\"widget-container aux-widget-text aux-parent-auf93ec536\">        <div class=\"aux-widget-advanced-text aux-wrap-style-simple aux-ico-pos-left aux-text-left aux-text-resp- aux-text-color-dark aux-text-widget-bg-center\" >\n        \n                            <div class=\"aux-text-widget-header\"  >\n                        <div class=\"aux-ico-box aux-ico-large aux-ico-clear\">\n                                                                <svg xmlns=\"http:\/\/www.w3.org\/2000\/svg\" width=\"72.25\" height=\"85\" viewbox=\"0 0 72.25 85\">\r\n  <path d=\"M39.625,2h.14A36.145,36.145,0,0,1,75.75,38.218v.4c-.268,14.216-8.814,26.01-15.937,33.4a87.636,87.636,0,0,1-6.4,6.035,3.17,3.17,0,0,1-4.118-4.82,81.364,81.364,0,0,0,5.95-5.61C61.572,61.054,69.175,50.658,69.4,38.5A29.867,29.867,0,0,0,39.74,8.332h-.115A29.8,29.8,0,0,0,9.845,37.955a38.76,38.76,0,0,0,7.9,22.21,95.036,95.036,0,0,0,22.6,21.012,3.169,3.169,0,0,1-3.464,5.308,101.922,101.922,0,0,1-24.208-22.5A45.08,45.08,0,0,1,3.5,38.18,36.193,36.193,0,0,1,39.625,2ZM32.209,38.609a7.4,7.4,0,1,0,7.4-7.395,3.17,3.17,0,1,1,0-6.332,13.718,13.718,0,0,1,8.882,24.2,13.5,13.5,0,0,1-8.882,3.256A13.753,13.753,0,0,1,25.863,38.609a3.173,3.173,0,0,1,6.345,0Z\" transform=\"translate(-3.5 -2)\" fill=\"var( --e-global-color-d71c267 )\" fill-rule=\"evenodd\" \/>\r\n<\/svg>\r\n                                                    <\/div>\n                <\/div>\n            \n            <div class=\"aux-text-inner aux-text-widget-content\">\n                                <h4 class=\"col-title\">Adres<\/h4>\n                                <div class=\"widget-content\">\n                                        <p>Kocakap\u0131 Mh. 1250 Sk. No: 76A Konak \u0130zmir (Kap\u0131lar Ba\u011fkur Eski Binas\u0131 Yan\u0131)<\/p>                <\/div>\n                            <\/div>\n        <\/div>\n                    <div class=\"aux-text-widget-footer\">\n                <div class=\"aux-border-shape-none\">\n                                <\/div>\n            <\/div>\n        \n<\/section><!-- widget-container -->\t\t<\/div>\n\t\t\t\t<\/div>\n\t\t\t\t<div class=\"elementor-element elementor-element-ffa88ea aux-appear-watch-animation aux-scale-down-1 elementor-widget elementor-widget-aux_text\" data-id=\"ffa88ea\" data-element_type=\"widget\" data-widget_type=\"aux_text.default\">\n\t\t\t\t<div class=\"elementor-widget-container\">\n\t\t\t<section class=\"widget-container aux-widget-text aux-parent-au74bfe233\">        <div class=\"aux-widget-advanced-text aux-wrap-style-simple aux-ico-pos-left aux-text-left aux-text-resp- aux-text-color-dark aux-text-widget-bg-center\" >\n        \n                            <div class=\"aux-text-widget-header\"  >\n                        <div class=\"aux-ico-box aux-ico-large aux-ico-clear\">\n                                                                <svg xmlns=\"http:\/\/www.w3.org\/2000\/svg\" width=\"80\" height=\"72\" viewbox=\"0 0 80 72\">\r\n  <path d=\"M82,32.228a2.84,2.84,0,0,1-2.832,2.852l-.036-.072a2.82,2.82,0,0,1-2-.836,2.864,2.864,0,0,1-.828-2.016V26.384A17.756,17.756,0,0,0,58.788,8.74H25.212A17.758,17.758,0,0,0,7.7,26.38V51.62A17.753,17.753,0,0,0,25.212,69.26H58.788A17.756,17.756,0,0,0,76.3,51.62a2.863,2.863,0,0,1,5.7,0A23.369,23.369,0,0,1,58.788,75H25.212A23.335,23.335,0,0,1,2,51.62V26.38A23.3,23.3,0,0,1,25.212,3H58.788A23.369,23.369,0,0,1,82,26.384v5.84Zm-37.044,6.2L61.408,25.172h.036a2.843,2.843,0,1,1,3.536,4.452L48.528,42.92a11.364,11.364,0,0,1-14.328,0l-16.5-13.3A2.9,2.9,0,0,1,17.28,25.6a2.788,2.788,0,0,1,3.964-.424L37.872,38.428a5.709,5.709,0,0,0,7.08,0Z\" transform=\"translate(-2 -3)\" fill=\"var( --e-global-color-d71c267 )\" fill-rule=\"evenodd\" \/>\r\n<\/svg>\r\n                                                    <\/div>\n                <\/div>\n            \n            <div class=\"aux-text-inner aux-text-widget-content\">\n                                <h4 class=\"col-title\">Eposta<\/h4>\n                                <div class=\"widget-content\">\n                                        <p>info@alargaosgb.com.tr<\/p>                <\/div>\n                            <\/div>\n        <\/div>\n                    <div class=\"aux-text-widget-footer\">\n                <div class=\"aux-border-shape-none\">\n                                <\/div>\n            <\/div>\n        \n<\/section><!-- widget-container -->\t\t<\/div>\n\t\t\t\t<\/div>\n\t\t\t\t<div class=\"elementor-element elementor-element-3a49ca8 aux-appear-watch-animation aux-scale-down-1 elementor-widget elementor-widget-aux_text\" data-id=\"3a49ca8\" data-element_type=\"widget\" data-widget_type=\"aux_text.default\">\n\t\t\t\t<div class=\"elementor-widget-container\">\n\t\t\t<section class=\"widget-container aux-widget-text aux-parent-auea066b19\">        <div class=\"aux-widget-advanced-text aux-wrap-style-simple aux-ico-pos-left aux-text-left aux-text-resp- aux-text-color-dark aux-text-widget-bg-center\" >\n        \n                            <div class=\"aux-text-widget-header\"  >\n                        <div class=\"aux-ico-box aux-ico-large aux-ico-clear\">\n                                                                <svg xmlns=\"http:\/\/www.w3.org\/2000\/svg\" width=\"80.004\" height=\"80\" viewbox=\"0 0 80.004 80\">\r\n  <path d=\"M48.466,4.637a2.936,2.936,0,0,1,3.26-2.616A34.185,34.185,0,0,1,81.984,32.454a2.945,2.945,0,1,1-5.852.664,28.315,28.315,0,0,0-25.057-25.2,2.96,2.96,0,0,1-2.608-3.28ZM9.344,16.486c-2.02,2.8-1.88,6.392.292,11.2a2.976,2.976,0,0,1-1.46,3.928,2.936,2.936,0,0,1-3.9-1.472C1.188,23.31,1.24,17.606,4.448,13.2,5.124,12.049,12.6,2.389,19.6,2.853a9.022,9.022,0,0,1,5.62,2.832C27.065,7.5,34.858,17.038,35.482,20.07c.672,3.244-.776,5.78-1.832,7.632-1.04,1.828-1.4,2.608-1.048,3.592A35.16,35.16,0,0,0,44.634,46.9a2.985,2.985,0,0,1,.684,4.144,2.936,2.936,0,0,1-4.108.688A41.137,41.137,0,0,1,27.1,33.426c-1.36-3.78.256-6.612,1.44-8.68.888-1.552,1.376-2.48,1.168-3.464-.548-1.428-6.3-9.08-8.608-11.349a3.577,3.577,0,0,0-1.888-1.16c-2.648-.124-8.56,5.536-9.869,7.712ZM54.427,50.747c2.2-1.392,5.216-3.288,9.044-2.492,3,.624,12.473,8.468,14.281,10.337a9.083,9.083,0,0,1,2.808,5.556c.256,7.28-9.441,14.9-10.549,15.541A12.289,12.289,0,0,1,62.631,82a21.994,21.994,0,0,1-9.188-2.324C40.614,74.3,21.209,56.908,10.3,40.943a2.98,2.98,0,0,1,.756-4.124,2.936,2.936,0,0,1,4.1.764c10.185,14.9,28.806,31.694,40.658,36.662,4.8,2.24,8.368,2.376,11.021.46,2.064-1.264,7.948-7.148,7.84-10.209a3.882,3.882,0,0,0-1.136-1.76C71.276,60.4,63.687,54.62,62.1,54.016c-1.264-.252-2.552.5-4.536,1.752l-1.02.64A2.94,2.94,0,0,1,52.5,55.4a2.98,2.98,0,0,1,1-4.076l.92-.572ZM62.251,33.39a2.947,2.947,0,1,0,5.784-1.132A20.329,20.329,0,0,0,51.963,16.074,2.966,2.966,0,0,0,50.834,21.9,14.429,14.429,0,0,1,62.251,33.39Z\" transform=\"translate(-2 -2.001)\" fill=\"var( --e-global-color-d71c267 )\" fill-rule=\"evenodd\" \/>\r\n<\/svg>\r\n                                                    <\/div>\n                <\/div>\n            \n            <div class=\"aux-text-inner aux-text-widget-content\">\n                                <h4 class=\"col-title\">Telefon<\/h4>\n                                <div class=\"widget-content\">\n                                        <p>+90 232 441 81 43<br \/>+90 532 433 13 75<\/p>                <\/div>\n                            <\/div>\n        <\/div>\n                    <div class=\"aux-text-widget-footer\">\n                <div class=\"aux-border-shape-none\">\n                                <\/div>\n            <\/div>\n        \n<\/section><!-- widget-container -->\t\t<\/div>\n\t\t\t\t<\/div>\n\t\t\t\t\t\t<\/div>\n\t\t\t\t\t<\/div>\n\t\t<\/div>\n\t\t\t\t\t\t\t\t<\/div>\n\t\t\t\t\t<\/div>\n\t\t<\/section>\n\t\t\t\t\t\t\t\t\t<\/div>\n\t\t\t<\/div>\n\t\t\t\t\t<\/div>","protected":false},"excerpt":{"rendered":"<p>Contact Us Please Get InTouch address Kocakap\u0131 Mh. 1250 Sk. No: 76A Konak \u0130zmir (Kap\u0131lar Ba\u011fkur Eski Binas\u0131 Yan\u0131) Email info@alargaosgb.com.tr Phone +90 232 441 81 43+90 532 433 13 75<\/p>","protected":false},"author":1,"featured_media":0,"parent":0,"menu_order":0,"comment_status":"closed","ping_status":"closed","template":"templates\/page-builder-content.php","meta":{"_joinchat":[],"footnotes":""},"class_list":["post-74","page","type-page","status-publish","hentry"],"_links":{"self":[{"href":"https:\/\/alargaseafarershealth.com\/tr\/wp-json\/wp\/v2\/pages\/74","targetHints":{"allow":["GET"]}}],"collection":[{"href":"https:\/\/alargaseafarershealth.com\/tr\/wp-json\/wp\/v2\/pages"}],"about":[{"href":"https:\/\/alargaseafarershealth.com\/tr\/wp-json\/wp\/v2\/types\/page"}],"author":[{"embeddable":true,"href":"https:\/\/alargaseafarershealth.com\/tr\/wp-json\/wp\/v2\/users\/1"}],"replies":[{"embeddable":true,"href":"https:\/\/alargaseafarershealth.com\/tr\/wp-json\/wp\/v2\/comments?post=74"}],"version-history":[{"count":9,"href":"https:\/\/alargaseafarershealth.com\/tr\/wp-json\/wp\/v2\/pages\/74\/revisions"}],"predecessor-version":[{"id":260,"href":"https:\/\/alargaseafarershealth.com\/tr\/wp-json\/wp\/v2\/pages\/74\/revisions\/260"}],"wp:attachment":[{"href":"https:\/\/alargaseafarershealth.com\/tr\/wp-json\/wp\/v2\/media?parent=74"}],"curies":[{"name":"wp","href":"https:\/\/api.w.org\/{rel}","templated":true}]}}