{"id":75,"date":"2021-01-27T09:03:47","date_gmt":"2021-01-27T09:03:47","guid":{"rendered":"https:\/\/alargaseafarershealth.com\/blog\/"},"modified":"2021-01-27T09:03:47","modified_gmt":"2021-01-27T09:03:47","slug":"blog","status":"publish","type":"page","link":"https:\/\/alargaseafarershealth.com\/tr\/blog\/","title":{"rendered":"Blog"},"content":{"rendered":"<div data-elementor-type=\"wp-page\" data-elementor-id=\"75\" class=\"elementor elementor-75\">\n\t\t\t\t\t\t<div class=\"elementor-inner\">\n\t\t\t\t<div class=\"elementor-section-wrap\">\n\t\t\t\t\t\t\t\t\t<section class=\"elementor-section elementor-top-section elementor-element elementor-element-f56beae elementor-section-boxed elementor-section-height-default elementor-section-height-default\" data-id=\"f56beae\" data-element_type=\"section\">\n\t\t\t\t\t\t<div class=\"elementor-container elementor-column-gap-no\">\n\t\t\t\t\t\t\t<div class=\"elementor-row\">\n\t\t\t\t\t<div class=\"aux-parallax-section elementor-column elementor-col-100 elementor-top-column elementor-element elementor-element-179fc63\" data-id=\"179fc63\" data-element_type=\"column\">\n\t\t\t<div class=\"elementor-column-wrap elementor-element-populated\">\n\t\t\t\t\t\t\t<div class=\"elementor-widget-wrap\">\n\t\t\t\t\t\t<div class=\"elementor-element elementor-element-130f842 aux-appear-watch-animation aux-fade-in-up elementor-widget elementor-widget-aux_recent_posts\" data-id=\"130f842\" data-element_type=\"widget\" data-settings=\"{&quot;columns&quot;:&quot;3&quot;,&quot;columns_tablet&quot;:&quot;2&quot;,&quot;columns_mobile&quot;:&quot;1&quot;}\" data-widget_type=\"aux_recent_posts.default\">\n\t\t\t\t<div class=\"elementor-widget-container\">\n\t\t\t<section class=\"widget-container aux-widget-recent-posts aux-parent-auc00a097c\"><div data-element-id=\"auc00a097c\" class=\"aux-match-height aux-row aux-de-col3 aux-tb-col2 aux-mb-col1 aux-total-3 aux-ajax-view\"><div class=\"aux-col post-57\">\n                        <article class=\"post column-entry post-57 type-post status-publish format-standard has-post-thumbnail hentry category-alarga-occupational-health-and-safety\">\n                                                        <div class=\"entry-media\"><div class=\"aux-media-frame aux-media-image aux-image-mask\"><a href=\"https:\/\/alargaseafarershealth.com\/tr\/preparing-for-covid-19-vaccinations-in-europe\/\"><img loading=\"lazy\" decoding=\"async\" width=\"636\" height=\"394\" src=\"data:image\/gif;base64,R0lGODlhAQABAIAAAAAAAP\/\/\/yH5BAEAAAAALAAAAAABAAEAAAIBRAA7\" class=\"aux-attachment aux-featured-image attachment-636.66666666667x394.73333333333 aux-attachment-id-215  aux-preload aux-blank\" alt=\"seafarers medical 2\" data-ratio=\"1.61\" data-original-w=\"637\" sizes=\"auto\" data-srcset=\"https:\/\/alargaseafarershealth.com\/wp-content\/uploads\/2021\/02\/seafarers-medical-2-150x93.jpg 150w,https:\/\/alargaseafarershealth.com\/wp-content\/uploads\/2021\/02\/seafarers-medical-2-300x186.jpg 300w,https:\/\/alargaseafarershealth.com\/wp-content\/uploads\/2021\/02\/seafarers-medical-2-637x395.jpg 637w,https:\/\/alargaseafarershealth.com\/wp-content\/uploads\/2021\/02\/seafarers-medical-2-627x388.jpg 627w\" data-src=\"https:\/\/alargaseafarershealth.com\/wp-content\/uploads\/2021\/02\/seafarers-medical-2-637x395.jpg\" \/><\/a><\/div><\/div>\n                            \n                            <div class=\"entry-main\">\n                                                                                        \n                                <div class=\"entry-info\">\n                                                                    <div class=\"entry-date\">\n                                        <a href=\"https:\/\/alargaseafarershealth.com\/tr\/preparing-for-covid-19-vaccinations-in-europe\/\">\n                                            <time datetime=\"2021-02-03T11:16:00+03:00\" title=\"2021-02-03T11:16:00+03:00\" >\u015eubat 3, 2021<\/time>\n                                        <\/a>\n                                    <\/div>\n                                                                                                                                    <span class=\"entry-tax\">\n                                        <a href=\"https:\/\/alargaseafarershealth.com\/tr\/category\/alarga-occupational-health-and-safety\/\" title=\"View all posts in Alarga Occupational Health and Safety\" rel=\"category\" >Alarga Occupational Health and Safety<\/a>                                    <\/span>\n                                                                                                                                            <\/div>\n                            \n                                <header class=\"entry-header\">\n                                \n                                    <h4 class=\"entry-title\">\n                                        <a href=\"https:\/\/alargaseafarershealth.com\/tr\/preparing-for-covid-19-vaccinations-in-europe\/\">\n                                            Norve\u00e7 Sa\u011fl\u0131k Sertifikas\u0131 (ML5) nedir?                                        <\/a>\n                                    <\/h4>\n                                                                    <div class=\"entry-format\">\n                                        <a href=\"https:\/\/alargaseafarershealth.com\/tr\/preparing-for-covid-19-vaccinations-in-europe\/\">\n                                            <div class=\"post-format format-\"> <\/div>\n                                        <\/a>\n                                    <\/div>\n                                <\/header>\n                            \n                                                            <div class=\"entry-content\">\n                                                                            <p>\r\nNorve\u00e7 Sa\u011fl\u0131k Sertifikas\u0131 (ML5), denizci olarak \u00e7al\u0131\u015fmak isteyenler i\u00e7in zorunlu bir gerekliliktir. Bu sertifika ...<\/p><div class=\"clear\"><\/div>                                <\/div>\n                                                                                        <footer class=\"entry-meta aux-after-content\">\n                                                                        <div class=\"readmore\">\n                                        <a href=\"https:\/\/alargaseafarershealth.com\/tr\/preparing-for-covid-19-vaccinations-in-europe\/\" class=\"aux-read-more\"><span class=\"aux-read-more-text\">Devam\u0131n\u0131 Oku<\/span><\/a>\n                                    <\/div>\n                                                                    <\/footer>\n                            \n                            <\/div>\n\n                        <\/article>\n<\/div><div class=\"aux-col post-58\">\n                        <article class=\"post column-entry post-58 type-post status-publish format-standard has-post-thumbnail hentry category-alarga-occupational-health-and-safety\">\n                                                        <div class=\"entry-media\"><div class=\"aux-media-frame aux-media-image aux-image-mask\"><a href=\"https:\/\/alargaseafarershealth.com\/tr\/how-to-obtain-a-norwegian-health-certificate-ml5\/\"><img loading=\"lazy\" decoding=\"async\" width=\"636\" height=\"394\" src=\"data:image\/gif;base64,R0lGODlhAQABAIAAAAAAAP\/\/\/yH5BAEAAAAALAAAAAABAAEAAAIBRAA7\" class=\"aux-attachment aux-featured-image attachment-636.66666666667x394.73333333333 aux-attachment-id-214  aux-preload aux-blank\" alt=\"seafarers medical 1\" data-ratio=\"1.61\" data-original-w=\"637\" sizes=\"auto\" data-srcset=\"https:\/\/alargaseafarershealth.com\/wp-content\/uploads\/2021\/02\/seafarers-medical-1-150x93.jpg 150w,https:\/\/alargaseafarershealth.com\/wp-content\/uploads\/2021\/02\/seafarers-medical-1-300x186.jpg 300w,https:\/\/alargaseafarershealth.com\/wp-content\/uploads\/2021\/02\/seafarers-medical-1-637x395.jpg 637w,https:\/\/alargaseafarershealth.com\/wp-content\/uploads\/2021\/02\/seafarers-medical-1-627x388.jpg 627w\" data-src=\"https:\/\/alargaseafarershealth.com\/wp-content\/uploads\/2021\/02\/seafarers-medical-1-637x395.jpg\" \/><\/a><\/div><\/div>\n                            \n                            <div class=\"entry-main\">\n                                                                                        \n                                <div class=\"entry-info\">\n                                                                    <div class=\"entry-date\">\n                                        <a href=\"https:\/\/alargaseafarershealth.com\/tr\/how-to-obtain-a-norwegian-health-certificate-ml5\/\">\n                                            <time datetime=\"2021-02-03T11:15:18+03:00\" title=\"2021-02-03T11:15:18+03:00\" >\u015eubat 3, 2021<\/time>\n                                        <\/a>\n                                    <\/div>\n                                                                                                                                    <span class=\"entry-tax\">\n                                        <a href=\"https:\/\/alargaseafarershealth.com\/tr\/category\/alarga-occupational-health-and-safety\/\" title=\"View all posts in Alarga Occupational Health and Safety\" rel=\"category\" >Alarga Occupational Health and Safety<\/a>                                    <\/span>\n                                                                                                                                            <\/div>\n                            \n                                <header class=\"entry-header\">\n                                \n                                    <h4 class=\"entry-title\">\n                                        <a href=\"https:\/\/alargaseafarershealth.com\/tr\/how-to-obtain-a-norwegian-health-certificate-ml5\/\">\n                                            Norve\u00e7 Sa\u011fl\u0131k Sertifikas\u0131 (ML5) nas\u0131l al\u0131n\u0131r?                                        <\/a>\n                                    <\/h4>\n                                                                    <div class=\"entry-format\">\n                                        <a href=\"https:\/\/alargaseafarershealth.com\/tr\/how-to-obtain-a-norwegian-health-certificate-ml5\/\">\n                                            <div class=\"post-format format-\"> <\/div>\n                                        <\/a>\n                                    <\/div>\n                                <\/header>\n                            \n                                                            <div class=\"entry-content\">\n                                                                            <p>\r\nNorve\u00e7 Sa\u011fl\u0131k Sertifikas\u0131 ML5 sertifikas\u0131, yetkili t\u0131p doktorlar\u0131 taraf\u0131ndan kapsaml\u0131 bir t\u0131bbi muayeneden ge\u00e7en ki\u015filere verilir.\n  ...<\/p><div class=\"clear\"><\/div>                                <\/div>\n                                                                                        <footer class=\"entry-meta aux-after-content\">\n                                                                        <div class=\"readmore\">\n                                        <a href=\"https:\/\/alargaseafarershealth.com\/tr\/how-to-obtain-a-norwegian-health-certificate-ml5\/\" class=\"aux-read-more\"><span class=\"aux-read-more-text\">Devam\u0131n\u0131 Oku<\/span><\/a>\n                                    <\/div>\n                                                                    <\/footer>\n                            \n                            <\/div>\n\n                        <\/article>\n<\/div><div class=\"aux-col post-59\">\n                        <article class=\"post column-entry post-59 type-post status-publish format-standard has-post-thumbnail hentry category-alarga-occupational-health-and-safety\">\n                                                        <div class=\"entry-media\"><div class=\"aux-media-frame aux-media-image aux-image-mask\"><a href=\"https:\/\/alargaseafarershealth.com\/tr\/the-importance-of-maritime-medical-examination-for-seafarers\/\"><img loading=\"lazy\" decoding=\"async\" width=\"636\" height=\"394\" src=\"data:image\/gif;base64,R0lGODlhAQABAIAAAAAAAP\/\/\/yH5BAEAAAAALAAAAAABAAEAAAIBRAA7\" class=\"aux-attachment aux-featured-image attachment-636.66666666667x394.73333333333 aux-attachment-id-213  aux-preload aux-blank\" alt=\"Maritime Medical Examination for Seafarers\" data-ratio=\"1.61\" data-original-w=\"637\" sizes=\"auto\" data-srcset=\"https:\/\/alargaseafarershealth.com\/wp-content\/uploads\/2021\/02\/Untitled-2-150x93.jpg 150w,https:\/\/alargaseafarershealth.com\/wp-content\/uploads\/2021\/02\/Untitled-2-300x186.jpg 300w,https:\/\/alargaseafarershealth.com\/wp-content\/uploads\/2021\/02\/Untitled-2-637x395.jpg 637w,https:\/\/alargaseafarershealth.com\/wp-content\/uploads\/2021\/02\/Untitled-2-627x388.jpg 627w\" data-src=\"https:\/\/alargaseafarershealth.com\/wp-content\/uploads\/2021\/02\/Untitled-2-637x395.jpg\" \/><\/a><\/div><\/div>\n                            \n                            <div class=\"entry-main\">\n                                                                                        \n                                <div class=\"entry-info\">\n                                                                    <div class=\"entry-date\">\n                                        <a href=\"https:\/\/alargaseafarershealth.com\/tr\/the-importance-of-maritime-medical-examination-for-seafarers\/\">\n                                            <time datetime=\"2021-02-03T11:05:07+03:00\" title=\"2021-02-03T11:05:07+03:00\" >\u015eubat 3, 2021<\/time>\n                                        <\/a>\n                                    <\/div>\n                                                                                                                                    <span class=\"entry-tax\">\n                                        <a href=\"https:\/\/alargaseafarershealth.com\/tr\/category\/alarga-occupational-health-and-safety\/\" title=\"View all posts in Alarga Occupational Health and Safety\" rel=\"category\" >Alarga Occupational Health and Safety<\/a>                                    <\/span>\n                                                                                                                                            <\/div>\n                            \n                                <header class=\"entry-header\">\n                                \n                                    <h4 class=\"entry-title\">\n                                        <a href=\"https:\/\/alargaseafarershealth.com\/tr\/the-importance-of-maritime-medical-examination-for-seafarers\/\">\n                                            Gemi adamlar\u0131 i\u00e7in Denizcilik Sa\u011fl\u0131k Muayenesinin \u00d6nemi                                        <\/a>\n                                    <\/h4>\n                                                                    <div class=\"entry-format\">\n                                        <a href=\"https:\/\/alargaseafarershealth.com\/tr\/the-importance-of-maritime-medical-examination-for-seafarers\/\">\n                                            <div class=\"post-format format-\"> <\/div>\n                                        <\/a>\n                                    <\/div>\n                                <\/header>\n                            \n                                                            <div class=\"entry-content\">\n                                                                            <p>\r\nDeniz t\u0131bbi muayenesi, denizcilik mesle\u011finin \u00e7ok \u00f6nemli bir y\u00f6n\u00fcd\u00fcr. Denizciler, gemilerin g\u00fcvenli ve verimli bir \u015fekilde i\u015fletilmesinden sorumludur ve ...<\/p><div class=\"clear\"><\/div>                                <\/div>\n                                                                                        <footer class=\"entry-meta aux-after-content\">\n                                                                        <div class=\"readmore\">\n                                        <a href=\"https:\/\/alargaseafarershealth.com\/tr\/the-importance-of-maritime-medical-examination-for-seafarers\/\" class=\"aux-read-more\"><span class=\"aux-read-more-text\">Devam\u0131n\u0131 Oku<\/span><\/a>\n                                    <\/div>\n                                                                    <\/footer>\n                            \n                            <\/div>\n\n                        <\/article>\n<\/div><\/div><\/section><!-- widget-container -->\t\t<\/div>\n\t\t\t\t<\/div>\n\t\t\t\t\t\t<\/div>\n\t\t\t\t\t<\/div>\n\t\t<\/div>\n\t\t\t\t\t\t\t\t<\/div>\n\t\t\t\t\t<\/div>\n\t\t<\/section>\n\t\t\t\t\t\t\t\t\t<\/div>\n\t\t\t<\/div>\n\t\t\t\t\t<\/div>","protected":false},"excerpt":{"rendered":"<p>February 3, 2021 Allergies | Edit Preparing for COVID-19 vaccinations in Europe This may also work against the food\u2019s desirability, according to Hagen. These feelings may unconsciously prompt us to think of such foods as tasting too good t &#8230; Read More February 3, 2021 Cancer | Edit 65 million injection devices ordered This may [&hellip;]<\/p>","protected":false},"author":1,"featured_media":0,"parent":0,"menu_order":0,"comment_status":"closed","ping_status":"closed","template":"templates\/page-builder-content.php","meta":{"_joinchat":[],"footnotes":""},"class_list":["post-75","page","type-page","status-publish","hentry"],"_links":{"self":[{"href":"https:\/\/alargaseafarershealth.com\/tr\/wp-json\/wp\/v2\/pages\/75","targetHints":{"allow":["GET"]}}],"collection":[{"href":"https:\/\/alargaseafarershealth.com\/tr\/wp-json\/wp\/v2\/pages"}],"about":[{"href":"https:\/\/alargaseafarershealth.com\/tr\/wp-json\/wp\/v2\/types\/page"}],"author":[{"embeddable":true,"href":"https:\/\/alargaseafarershealth.com\/tr\/wp-json\/wp\/v2\/users\/1"}],"replies":[{"embeddable":true,"href":"https:\/\/alargaseafarershealth.com\/tr\/wp-json\/wp\/v2\/comments?post=75"}],"version-history":[{"count":0,"href":"https:\/\/alargaseafarershealth.com\/tr\/wp-json\/wp\/v2\/pages\/75\/revisions"}],"wp:attachment":[{"href":"https:\/\/alargaseafarershealth.com\/tr\/wp-json\/wp\/v2\/media?parent=75"}],"curies":[{"name":"wp","href":"https:\/\/api.w.org\/{rel}","templated":true}]}}